{"id":1791,"date":"2022-08-24T16:56:43","date_gmt":"2022-08-24T14:56:43","guid":{"rendered":"https:\/\/pksu.ch\/de-nous\/kapitalanlagen\/"},"modified":"2022-11-23T10:06:46","modified_gmt":"2022-11-23T09:06:46","slug":"les-placements-des-capiteaux","status":"publish","type":"page","link":"https:\/\/pksu.ch\/fr\/de-nous\/les-placements-des-capiteaux\/","title":{"rendered":"Les placements des capiteaux"},"content":{"rendered":"<h1 style=\"text-align: center;\">Les placements des capiteaux<\/h1>\n<p>Les placements de capitaux de la CPES sont g\u00e9r\u00e9s par l&rsquo;agence avec le soutien de la commission de placement. Outre les biens immobiliers d\u00e9tenus directement, la CPES est exclusivement investie dans des placements collectifs (fonds).<\/p>\n<h2><strong>Strat\u00e9gie de placement actuelle avec marges de fluctuation<\/strong><\/h2>\n<p><strong>Strat\u00e9gie de placement actuelle avec marges de fluctuation<\/strong><\/p>\n<p>La Credit Suisse fait office de d\u00e9positaire global. La CPES entretient d&rsquo;autres relations bancaires avec la Banque Cantonale de Thurgovie, l&rsquo;UBS et la Banque Clientis.<img loading=\"lazy\" decoding=\"async\" class=\"wp-image-1506 size-full aligncenter\" src=\"https:\/\/pksu.ch\/wp-content\/uploads\/2022\/11\/PKSU-Strategie10241.jpg\" alt=\"\" width=\"1024\" height=\"791\" srcset=\"https:\/\/pksu.ch\/wp-content\/uploads\/2022\/11\/PKSU-Strategie10241.jpg 1024w, https:\/\/pksu.ch\/wp-content\/uploads\/2022\/11\/PKSU-Strategie10241-300x232.jpg 300w, https:\/\/pksu.ch\/wp-content\/uploads\/2022\/11\/PKSU-Strategie10241-768x593.jpg 768w\" sizes=\"auto, (max-width: 1024px) 100vw, 1024px\" \/><\/p>\n","protected":false},"excerpt":{"rendered":"<p>Les placements des capiteaux Les placements de capitaux de la CPES sont g\u00e9r\u00e9s par l&rsquo;agence avec le soutien de la commission de placement. Outre les biens immobiliers d\u00e9tenus directement, la CPES est exclusivement investie dans des placements collectifs (fonds). Strat\u00e9gie de placement actuelle avec marges de fluctuation Strat\u00e9gie de placement actuelle avec marges de fluctuation [&hellip;]<\/p>\n","protected":false},"author":2,"featured_media":0,"parent":1356,"menu_order":4,"comment_status":"closed","ping_status":"closed","template":"","meta":{"_acf_changed":false,"footnotes":""},"class_list":["post-1791","page","type-page","status-publish","hentry"],"acf":[],"yoast_head":"<!-- This site is optimized with the Yoast SEO plugin v27.2 - https:\/\/yoast.com\/product\/yoast-seo-wordpress\/ -->\n<title>Les placements des capiteaux -<\/title>\n<meta name=\"robots\" content=\"index, follow, max-snippet:-1, max-image-preview:large, max-video-preview:-1\" \/>\n<link rel=\"canonical\" href=\"https:\/\/pksu.ch\/fr\/de-nous\/les-placements-des-capiteaux\/\" \/>\n<meta property=\"og:locale\" content=\"fr_FR\" \/>\n<meta property=\"og:type\" content=\"article\" \/>\n<meta property=\"og:title\" content=\"Les placements des capiteaux -\" \/>\n<meta property=\"og:description\" content=\"Les placements des capiteaux Les placements de capitaux de la CPES sont g\u00e9r\u00e9s par l&rsquo;agence avec le soutien de la commission de placement. Outre les biens immobiliers d\u00e9tenus directement, la CPES est exclusivement investie dans des placements collectifs (fonds). Strat\u00e9gie de placement actuelle avec marges de fluctuation Strat\u00e9gie de placement actuelle avec marges de fluctuation [&hellip;]\" \/>\n<meta property=\"og:url\" content=\"https:\/\/pksu.ch\/fr\/de-nous\/les-placements-des-capiteaux\/\" \/>\n<meta property=\"og:site_name\" content=\"PKSU\" \/>\n<meta property=\"article:modified_time\" content=\"2022-11-23T09:06:46+00:00\" \/>\n<meta property=\"og:image\" content=\"https:\/\/pksu.ch\/wp-content\/uploads\/2022\/11\/PKSU-Strategie10241.jpg\" \/>\n<meta name=\"twitter:card\" content=\"summary_large_image\" \/>\n<script type=\"application\/ld+json\" class=\"yoast-schema-graph\">{\"@context\":\"https:\/\/schema.org\",\"@graph\":[{\"@type\":\"WebPage\",\"@id\":\"https:\/\/pksu.ch\/fr\/de-nous\/les-placements-des-capiteaux\/\",\"url\":\"https:\/\/pksu.ch\/fr\/de-nous\/les-placements-des-capiteaux\/\",\"name\":\"Les placements des capiteaux -\",\"isPartOf\":{\"@id\":\"https:\/\/pksu.ch\/fr\/#website\"},\"primaryImageOfPage\":{\"@id\":\"https:\/\/pksu.ch\/fr\/de-nous\/les-placements-des-capiteaux\/#primaryimage\"},\"image\":{\"@id\":\"https:\/\/pksu.ch\/fr\/de-nous\/les-placements-des-capiteaux\/#primaryimage\"},\"thumbnailUrl\":\"https:\/\/pksu.ch\/wp-content\/uploads\/2022\/11\/PKSU-Strategie10241.jpg\",\"datePublished\":\"2022-08-24T14:56:43+00:00\",\"dateModified\":\"2022-11-23T09:06:46+00:00\",\"breadcrumb\":{\"@id\":\"https:\/\/pksu.ch\/fr\/de-nous\/les-placements-des-capiteaux\/#breadcrumb\"},\"inLanguage\":\"fr-FR\",\"potentialAction\":[{\"@type\":\"ReadAction\",\"target\":[\"https:\/\/pksu.ch\/fr\/de-nous\/les-placements-des-capiteaux\/\"]}]},{\"@type\":\"ImageObject\",\"inLanguage\":\"fr-FR\",\"@id\":\"https:\/\/pksu.ch\/fr\/de-nous\/les-placements-des-capiteaux\/#primaryimage\",\"url\":\"https:\/\/pksu.ch\/wp-content\/uploads\/2022\/11\/PKSU-Strategie10241.jpg\",\"contentUrl\":\"https:\/\/pksu.ch\/wp-content\/uploads\/2022\/11\/PKSU-Strategie10241.jpg\"},{\"@type\":\"BreadcrumbList\",\"@id\":\"https:\/\/pksu.ch\/fr\/de-nous\/les-placements-des-capiteaux\/#breadcrumb\",\"itemListElement\":[{\"@type\":\"ListItem\",\"position\":1,\"name\":\"Startseite\",\"item\":\"https:\/\/pksu.ch\/fr\/\"},{\"@type\":\"ListItem\",\"position\":2,\"name\":\"De nous\",\"item\":\"https:\/\/pksu.ch\/fr\/de-nous\/\"},{\"@type\":\"ListItem\",\"position\":3,\"name\":\"Les placements des capiteaux\"}]},{\"@type\":\"WebSite\",\"@id\":\"https:\/\/pksu.ch\/fr\/#website\",\"url\":\"https:\/\/pksu.ch\/fr\/\",\"name\":\"PKSU\",\"description\":\"Saurer Vorsorgeeinrichtung\",\"publisher\":{\"@id\":\"https:\/\/pksu.ch\/fr\/#organization\"},\"potentialAction\":[{\"@type\":\"SearchAction\",\"target\":{\"@type\":\"EntryPoint\",\"urlTemplate\":\"https:\/\/pksu.ch\/fr\/?s={search_term_string}\"},\"query-input\":{\"@type\":\"PropertyValueSpecification\",\"valueRequired\":true,\"valueName\":\"search_term_string\"}}],\"inLanguage\":\"fr-FR\"},{\"@type\":\"Organization\",\"@id\":\"https:\/\/pksu.ch\/fr\/#organization\",\"name\":\"PKSU Pensionskasse der Saurer-Unternehmungen\",\"url\":\"https:\/\/pksu.ch\/fr\/\",\"logo\":{\"@type\":\"ImageObject\",\"inLanguage\":\"fr-FR\",\"@id\":\"https:\/\/pksu.ch\/fr\/#\/schema\/logo\/image\/\",\"url\":\"https:\/\/pksu.ch\/wp-content\/uploads\/2022\/09\/cropped-favicon.png\",\"contentUrl\":\"https:\/\/pksu.ch\/wp-content\/uploads\/2022\/09\/cropped-favicon.png\",\"width\":512,\"height\":512,\"caption\":\"PKSU Pensionskasse der Saurer-Unternehmungen\"},\"image\":{\"@id\":\"https:\/\/pksu.ch\/fr\/#\/schema\/logo\/image\/\"}}]}<\/script>\n<!-- \/ Yoast SEO plugin. -->","yoast_head_json":{"title":"Les placements des capiteaux -","robots":{"index":"index","follow":"follow","max-snippet":"max-snippet:-1","max-image-preview":"max-image-preview:large","max-video-preview":"max-video-preview:-1"},"canonical":"https:\/\/pksu.ch\/fr\/de-nous\/les-placements-des-capiteaux\/","og_locale":"fr_FR","og_type":"article","og_title":"Les placements des capiteaux -","og_description":"Les placements des capiteaux Les placements de capitaux de la CPES sont g\u00e9r\u00e9s par l&rsquo;agence avec le soutien de la commission de placement. Outre les biens immobiliers d\u00e9tenus directement, la CPES est exclusivement investie dans des placements collectifs (fonds). Strat\u00e9gie de placement actuelle avec marges de fluctuation Strat\u00e9gie de placement actuelle avec marges de fluctuation [&hellip;]","og_url":"https:\/\/pksu.ch\/fr\/de-nous\/les-placements-des-capiteaux\/","og_site_name":"PKSU","article_modified_time":"2022-11-23T09:06:46+00:00","og_image":[{"url":"https:\/\/pksu.ch\/wp-content\/uploads\/2022\/11\/PKSU-Strategie10241.jpg","type":"","width":"","height":""}],"twitter_card":"summary_large_image","schema":{"@context":"https:\/\/schema.org","@graph":[{"@type":"WebPage","@id":"https:\/\/pksu.ch\/fr\/de-nous\/les-placements-des-capiteaux\/","url":"https:\/\/pksu.ch\/fr\/de-nous\/les-placements-des-capiteaux\/","name":"Les placements des capiteaux -","isPartOf":{"@id":"https:\/\/pksu.ch\/fr\/#website"},"primaryImageOfPage":{"@id":"https:\/\/pksu.ch\/fr\/de-nous\/les-placements-des-capiteaux\/#primaryimage"},"image":{"@id":"https:\/\/pksu.ch\/fr\/de-nous\/les-placements-des-capiteaux\/#primaryimage"},"thumbnailUrl":"https:\/\/pksu.ch\/wp-content\/uploads\/2022\/11\/PKSU-Strategie10241.jpg","datePublished":"2022-08-24T14:56:43+00:00","dateModified":"2022-11-23T09:06:46+00:00","breadcrumb":{"@id":"https:\/\/pksu.ch\/fr\/de-nous\/les-placements-des-capiteaux\/#breadcrumb"},"inLanguage":"fr-FR","potentialAction":[{"@type":"ReadAction","target":["https:\/\/pksu.ch\/fr\/de-nous\/les-placements-des-capiteaux\/"]}]},{"@type":"ImageObject","inLanguage":"fr-FR","@id":"https:\/\/pksu.ch\/fr\/de-nous\/les-placements-des-capiteaux\/#primaryimage","url":"https:\/\/pksu.ch\/wp-content\/uploads\/2022\/11\/PKSU-Strategie10241.jpg","contentUrl":"https:\/\/pksu.ch\/wp-content\/uploads\/2022\/11\/PKSU-Strategie10241.jpg"},{"@type":"BreadcrumbList","@id":"https:\/\/pksu.ch\/fr\/de-nous\/les-placements-des-capiteaux\/#breadcrumb","itemListElement":[{"@type":"ListItem","position":1,"name":"Startseite","item":"https:\/\/pksu.ch\/fr\/"},{"@type":"ListItem","position":2,"name":"De nous","item":"https:\/\/pksu.ch\/fr\/de-nous\/"},{"@type":"ListItem","position":3,"name":"Les placements des capiteaux"}]},{"@type":"WebSite","@id":"https:\/\/pksu.ch\/fr\/#website","url":"https:\/\/pksu.ch\/fr\/","name":"PKSU","description":"Saurer Vorsorgeeinrichtung","publisher":{"@id":"https:\/\/pksu.ch\/fr\/#organization"},"potentialAction":[{"@type":"SearchAction","target":{"@type":"EntryPoint","urlTemplate":"https:\/\/pksu.ch\/fr\/?s={search_term_string}"},"query-input":{"@type":"PropertyValueSpecification","valueRequired":true,"valueName":"search_term_string"}}],"inLanguage":"fr-FR"},{"@type":"Organization","@id":"https:\/\/pksu.ch\/fr\/#organization","name":"PKSU Pensionskasse der Saurer-Unternehmungen","url":"https:\/\/pksu.ch\/fr\/","logo":{"@type":"ImageObject","inLanguage":"fr-FR","@id":"https:\/\/pksu.ch\/fr\/#\/schema\/logo\/image\/","url":"https:\/\/pksu.ch\/wp-content\/uploads\/2022\/09\/cropped-favicon.png","contentUrl":"https:\/\/pksu.ch\/wp-content\/uploads\/2022\/09\/cropped-favicon.png","width":512,"height":512,"caption":"PKSU Pensionskasse der Saurer-Unternehmungen"},"image":{"@id":"https:\/\/pksu.ch\/fr\/#\/schema\/logo\/image\/"}}]}},"_links":{"self":[{"href":"https:\/\/pksu.ch\/fr\/wp-json\/wp\/v2\/pages\/1791","targetHints":{"allow":["GET"]}}],"collection":[{"href":"https:\/\/pksu.ch\/fr\/wp-json\/wp\/v2\/pages"}],"about":[{"href":"https:\/\/pksu.ch\/fr\/wp-json\/wp\/v2\/types\/page"}],"author":[{"embeddable":true,"href":"https:\/\/pksu.ch\/fr\/wp-json\/wp\/v2\/users\/2"}],"replies":[{"embeddable":true,"href":"https:\/\/pksu.ch\/fr\/wp-json\/wp\/v2\/comments?post=1791"}],"version-history":[{"count":6,"href":"https:\/\/pksu.ch\/fr\/wp-json\/wp\/v2\/pages\/1791\/revisions"}],"predecessor-version":[{"id":1894,"href":"https:\/\/pksu.ch\/fr\/wp-json\/wp\/v2\/pages\/1791\/revisions\/1894"}],"up":[{"embeddable":true,"href":"https:\/\/pksu.ch\/fr\/wp-json\/wp\/v2\/pages\/1356"}],"wp:attachment":[{"href":"https:\/\/pksu.ch\/fr\/wp-json\/wp\/v2\/media?parent=1791"}],"curies":[{"name":"wp","href":"https:\/\/api.w.org\/{rel}","templated":true}]}}